{"id":3512,"date":"2020-02-07T02:19:39","date_gmt":"2020-02-07T02:19:39","guid":{"rendered":"https:\/\/demo.casethemes.net\/consultio-corporate3\/?page_id=3512"},"modified":"2023-12-14T08:00:00","modified_gmt":"2023-12-14T08:00:00","slug":"iletisim","status":"publish","type":"page","link":"https:\/\/scmglobal.com.tr\/?page_id=3512","title":{"rendered":"\u0130leti\u015fim"},"content":{"rendered":"\t\t<div data-elementor-type=\"wp-page\" data-elementor-id=\"3512\" class=\"elementor elementor-3512\">\n\t\t\t\t\t\t\t        <section class=\"elementor-section elementor-top-section elementor-element elementor-element-35ebeef elementor-section-stretched elementor-section-boxed elementor-section-height-default elementor-section-height-default ct-header-fixed-none ct-row-max-none\" data-id=\"35ebeef\" data-element_type=\"section\" data-settings=\"{&quot;stretch_section&quot;:&quot;section-stretched&quot;,&quot;background_background&quot;:&quot;classic&quot;}\">\n            \n                        <div class=\"elementor-container elementor-column-gap-extended \">\n                    <div class=\"elementor-column elementor-col-50 elementor-top-column elementor-element elementor-element-8c27832\" data-id=\"8c27832\" data-element_type=\"column\">\n            <div class=\"elementor-widget-wrap elementor-element-populated\">\n                        \t\t<div class=\"elementor-element elementor-element-b5f7aa2 elementor-widget elementor-widget-ct_heading\" data-id=\"b5f7aa2\" data-element_type=\"widget\" data-widget_type=\"ct_heading.default\">\n\t\t\t\t<div class=\"elementor-widget-container\">\n\t\t\t<div id=\"ct_heading-b5f7aa2\" class=\"ct-heading h-align- sub-style1 ct-heading-left item-st-default\">\r\n\t<div class=\"ct-item--inner\">\r\n        <div class=\"ct-inline-css\"  data-css=\"\r\n            \">\r\n        <\/div>\r\n                <h3 class=\"item--title st-default case-animate-time\" data-wow-delay=\"ms\">\r\n                        <span class=\"sp-main\">\r\n                \r\n                Bize<b>Ula\u015f\u0131n!<\/b>\r\n                \r\n                            <\/span>\r\n                    <\/h3>\r\n    <\/div>\r\n<\/div>\t\t<\/div>\n\t\t\t\t<\/div>\n\t\t\t\t<div class=\"elementor-element elementor-element-6cc7ca20 elementor-widget elementor-widget-ct_fancy_box\" data-id=\"6cc7ca20\" data-element_type=\"widget\" data-widget_type=\"ct_fancy_box.default\">\n\t\t\t\t<div class=\"elementor-widget-container\">\n\t\t\t<div class=\"ct-fancy-box ct-fancy-box-layout1 style1 \" data-wow-delay=\"ms\">\r\n            <div class=\"item--icon\">\r\n            <span class=\"item--shape\"><\/span>\r\n            <i aria-hidden=\"true\" class=\"fas fa-map-marker-alt\"><\/i>                            <a class=\"item--link\" href=\"#\"><\/a>\r\n                    <\/div>\r\n            <div class=\"item--holder\">\r\n                    <h3 class=\"item--title\">\r\n                Ofis            <\/h3>\r\n                <div class=\"item--description\">Atat\u00fcrk Mahallesi Ata\u015fehir Bulvar\u0131 57. Ada Manolya 3-9 I Blok No:36 \u0130\u00e7 Kap\u0131 No:6 Ata\u015fehir \/ \u0130stanbul\n<\/div>\r\n    <\/div>\r\n<\/div>\t\t<\/div>\n\t\t\t\t<\/div>\n\t\t\t\t<div class=\"elementor-element elementor-element-5fc35b57 elementor-widget elementor-widget-ct_fancy_box\" data-id=\"5fc35b57\" data-element_type=\"widget\" data-widget_type=\"ct_fancy_box.default\">\n\t\t\t\t<div class=\"elementor-widget-container\">\n\t\t\t<div class=\"ct-fancy-box ct-fancy-box-layout1 style1 \" data-wow-delay=\"ms\">\r\n            <div class=\"item--icon\">\r\n            <span class=\"item--shape\"><\/span>\r\n            <i aria-hidden=\"true\" class=\"fas fa-envelope\"><\/i>                            <a class=\"item--link\" href=\"#\"><\/a>\r\n                    <\/div>\r\n            <div class=\"item--holder\">\r\n                    <h3 class=\"item--title\">\r\n                E-posta            <\/h3>\r\n                <div class=\"item--description\">info@scmglobal.com.tr\n<\/div>\r\n    <\/div>\r\n<\/div>\t\t<\/div>\n\t\t\t\t<\/div>\n\t\t\t\t<div class=\"elementor-element elementor-element-7087f74b elementor-widget elementor-widget-ct_fancy_box\" data-id=\"7087f74b\" data-element_type=\"widget\" data-widget_type=\"ct_fancy_box.default\">\n\t\t\t\t<div class=\"elementor-widget-container\">\n\t\t\t<div class=\"ct-fancy-box ct-fancy-box-layout1 style1 \" data-wow-delay=\"ms\">\r\n            <div class=\"item--icon\">\r\n            <span class=\"item--shape\"><\/span>\r\n            <i aria-hidden=\"true\" class=\"fas fa-phone-alt\"><\/i>                            <a class=\"item--link\" href=\"#\"><\/a>\r\n                    <\/div>\r\n            <div class=\"item--holder\">\r\n                    <h3 class=\"item--title\">\r\n                Telefon            <\/h3>\r\n                <div class=\"item--description\">+90 532 177 40 85<br>\n+90 216 455 08 46<\/div>\r\n    <\/div>\r\n<\/div>\t\t<\/div>\n\t\t\t\t<\/div>\n\t\t            <\/div>\n        <\/div>\n                <div class=\"elementor-column elementor-col-50 elementor-top-column elementor-element elementor-element-dfda162\" data-id=\"dfda162\" data-element_type=\"column\">\n            <div class=\"elementor-widget-wrap elementor-element-populated\">\n                        \t\t<div class=\"elementor-element elementor-element-76be961 elementor-widget elementor-widget-ct_text_editor\" data-id=\"76be961\" data-element_type=\"widget\" data-widget_type=\"ct_text_editor.default\">\n\t\t\t\t<div class=\"elementor-widget-container\">\n\t\t\t<div id=\"ct_text_editor-76be961\" class=\"ct-text-editor \" data-wow-delay=\"ms\">\n\t<div class=\"ct-item--inner\">\n\t\t<div class=\"ct-inline-css\"  data-css=\"\n\t        \t\t\t\">\n\n\t    <\/div>\n\t\t<div class=\"ct-text-editor elementor-clearfix\">\n\t\t\t<p>Form<\/p>\t\t\n\t\t<\/div>\n\t<\/div>\n<\/div>\t\t<\/div>\n\t\t\t\t<\/div>\n\t\t\t\t<div class=\"elementor-element elementor-element-7ec43f27 elementor-widget elementor-widget-ct_ctf7\" data-id=\"7ec43f27\" data-element_type=\"widget\" data-widget_type=\"ct_ctf7.default\">\n\t\t\t\t<div class=\"elementor-widget-container\">\n\t\t\t    <div class=\"ct-contact-form-layout1 style5 \">\r\n                <div class=\"ct-contact-form-inner\">\r\n        \t            <div class=\"ct-contact-form\">\r\n                \n<div class=\"wpcf7 no-js\" id=\"wpcf7-f6-o1\" lang=\"tr-TR\" dir=\"ltr\">\n<div class=\"screen-reader-response\"><p role=\"status\" aria-live=\"polite\" aria-atomic=\"true\"><\/p> <ul><\/ul><\/div>\n<form action=\"\/index.php?rest_route=%2Fwp%2Fv2%2Fpages%2F3512#wpcf7-f6-o1\" method=\"post\" class=\"wpcf7-form init\" aria-label=\"Contact form\" novalidate=\"novalidate\" data-status=\"init\">\n<div style=\"display: none;\">\n<input type=\"hidden\" name=\"_wpcf7\" value=\"6\" \/>\n<input type=\"hidden\" name=\"_wpcf7_version\" value=\"5.8.4\" \/>\n<input type=\"hidden\" name=\"_wpcf7_locale\" value=\"tr_TR\" \/>\n<input type=\"hidden\" name=\"_wpcf7_unit_tag\" value=\"wpcf7-f6-o1\" \/>\n<input type=\"hidden\" name=\"_wpcf7_container_post\" value=\"0\" \/>\n<input type=\"hidden\" name=\"_wpcf7_posted_data_hash\" value=\"\" \/>\n<\/div>\n<p><label> \u0130sminiz<br \/>\n<span class=\"wpcf7-form-control-wrap\" data-name=\"your-name\"><input size=\"40\" class=\"wpcf7-form-control wpcf7-text wpcf7-validates-as-required\" autocomplete=\"name\" aria-required=\"true\" aria-invalid=\"false\" value=\"\" type=\"text\" name=\"your-name\" \/><\/span> <\/label>\n<\/p>\n<p><label> Mail Adresiniz<br \/>\n<span class=\"wpcf7-form-control-wrap\" data-name=\"your-email\"><input size=\"40\" class=\"wpcf7-form-control wpcf7-email wpcf7-validates-as-required wpcf7-text wpcf7-validates-as-email\" autocomplete=\"email\" aria-required=\"true\" aria-invalid=\"false\" value=\"\" type=\"email\" name=\"your-email\" \/><\/span> <\/label>\n<\/p>\n<p><label> Mesaj\u0131n\u0131z (iste\u011fe ba\u011fl\u0131)<br \/>\n<span class=\"wpcf7-form-control-wrap\" data-name=\"your-message\"><textarea cols=\"40\" rows=\"10\" class=\"wpcf7-form-control wpcf7-textarea\" aria-invalid=\"false\" name=\"your-message\"><\/textarea><\/span> <\/label>\n<\/p>\n<p><input class=\"wpcf7-form-control wpcf7-submit has-spinner\" type=\"submit\" value=\"G\u00f6nder\" \/>\n<\/p><div class=\"wpcf7-response-output\" aria-hidden=\"true\"><\/div>\n<\/form>\n<\/div>\n            <\/div>\r\n        <\/div>\r\n            <\/div>\r\n\t\t<\/div>\n\t\t\t\t<\/div>\n\t\t            <\/div>\n        <\/div>\n                            <\/div>\n        <\/section>\n        \t\t\t\t\t<\/div>\n\t\t","protected":false},"excerpt":{"rendered":"<p>BizeUla\u015f\u0131n! Ofis Atat\u00fcrk Mahallesi Ata\u015fehir Bulvar\u0131 57. Ada Manolya 3-9 I Blok No:36 \u0130\u00e7 Kap\u0131 No:6 Ata\u015fehir \/ \u0130stanbul E-posta info@scmglobal.com.tr Telefon +90 532 177 40 85 +90 216 455 08 46 Form Your name Your email Subject Your message (optional)<\/p>\n","protected":false},"author":1,"featured_media":5225,"parent":0,"menu_order":0,"comment_status":"closed","ping_status":"closed","template":"","meta":{"_joinchat":[],"footnotes":""},"class_list":["post-3512","page","type-page","status-publish","has-post-thumbnail","hentry"],"yoast_head":"<!-- This site is optimized with the Yoast SEO plugin v21.7 - https:\/\/yoast.com\/wordpress\/plugins\/seo\/ -->\n<title>\u0130leti\u015fim | SCM GLOBAL G\u00dcMR\u00dcK &amp; LOJ\u0130ST\u0130K<\/title>\n<meta name=\"description\" content=\"Scm Global G\u00fcmr\u00fck M\u00fc\u015favirli\u011fi ve Lojistik olarak m\u00fc\u015fterilerimize en iyi hizmeti verebilmek ad\u0131na 15 y\u0131ll\u0131k tecr\u00fcbemizi g\u00fcmr\u00fck hizmetleri ve lojistik alan\u0131nda yans\u0131tmaya karar verdik.\" \/>\n<meta name=\"robots\" content=\"index, follow, max-snippet:-1, max-image-preview:large, max-video-preview:-1\" \/>\n<link rel=\"canonical\" href=\"https:\/\/scmglobal.com.tr\/?page_id=3512\" \/>\n<meta property=\"og:locale\" content=\"tr_TR\" \/>\n<meta property=\"og:type\" content=\"article\" \/>\n<meta property=\"og:title\" content=\"\u0130leti\u015fim | SCM GLOBAL G\u00dcMR\u00dcK &amp; LOJ\u0130ST\u0130K\" \/>\n<meta property=\"og:description\" content=\"Scm Global G\u00fcmr\u00fck M\u00fc\u015favirli\u011fi ve Lojistik olarak m\u00fc\u015fterilerimize en iyi hizmeti verebilmek ad\u0131na 15 y\u0131ll\u0131k tecr\u00fcbemizi g\u00fcmr\u00fck hizmetleri ve lojistik alan\u0131nda yans\u0131tmaya karar verdik.\" \/>\n<meta property=\"og:url\" content=\"https:\/\/scmglobal.com.tr\/?page_id=3512\" \/>\n<meta property=\"og:site_name\" content=\"SCM GLOBAL G\u00dcMR\u00dcK &amp; LOJ\u0130ST\u0130K\" \/>\n<meta property=\"article:modified_time\" content=\"2023-12-14T08:00:00+00:00\" \/>\n<meta property=\"og:image\" content=\"https:\/\/scmglobal.com.tr\/wp-content\/uploads\/2023\/12\/5346536.png\" \/>\n\t<meta property=\"og:image:width\" content=\"900\" \/>\n\t<meta property=\"og:image:height\" content=\"429\" \/>\n\t<meta property=\"og:image:type\" content=\"image\/png\" \/>\n<meta name=\"twitter:card\" content=\"summary_large_image\" \/>\n<script type=\"application\/ld+json\" class=\"yoast-schema-graph\">{\"@context\":\"https:\/\/schema.org\",\"@graph\":[{\"@type\":\"WebPage\",\"@id\":\"https:\/\/scmglobal.com.tr\/?page_id=3512\",\"url\":\"https:\/\/scmglobal.com.tr\/?page_id=3512\",\"name\":\"\u0130leti\u015fim | SCM GLOBAL G\u00dcMR\u00dcK &amp; LOJ\u0130ST\u0130K\",\"isPartOf\":{\"@id\":\"https:\/\/scmglobal.com.tr\/#website\"},\"datePublished\":\"2020-02-07T02:19:39+00:00\",\"dateModified\":\"2023-12-14T08:00:00+00:00\",\"description\":\"Scm Global G\u00fcmr\u00fck M\u00fc\u015favirli\u011fi ve Lojistik olarak m\u00fc\u015fterilerimize en iyi hizmeti verebilmek ad\u0131na 15 y\u0131ll\u0131k tecr\u00fcbemizi g\u00fcmr\u00fck hizmetleri ve lojistik alan\u0131nda yans\u0131tmaya karar verdik.\",\"breadcrumb\":{\"@id\":\"https:\/\/scmglobal.com.tr\/?page_id=3512#breadcrumb\"},\"inLanguage\":\"tr\",\"potentialAction\":[{\"@type\":\"ReadAction\",\"target\":[\"https:\/\/scmglobal.com.tr\/?page_id=3512\"]}]},{\"@type\":\"BreadcrumbList\",\"@id\":\"https:\/\/scmglobal.com.tr\/?page_id=3512#breadcrumb\",\"itemListElement\":[{\"@type\":\"ListItem\",\"position\":1,\"name\":\"Anasayfa\",\"item\":\"https:\/\/scmglobal.com.tr\/\"},{\"@type\":\"ListItem\",\"position\":2,\"name\":\"\u0130leti\u015fim\"}]},{\"@type\":\"WebSite\",\"@id\":\"https:\/\/scmglobal.com.tr\/#website\",\"url\":\"https:\/\/scmglobal.com.tr\/\",\"name\":\"SCM GLOBAL G\u00dcMR\u00dcK & LOJ\u0130ST\u0130K\",\"description\":\"Scm Global G\u00fcmr\u00fck M\u00fc\u015favirli\u011fi ve Lojistik Hizmetleri Ltd. \u015eti.\",\"publisher\":{\"@id\":\"https:\/\/scmglobal.com.tr\/#organization\"},\"alternateName\":\"Scm Global G\u00fcmr\u00fck M\u00fc\u015favirli\u011fi ve Lojistik Hizmetleri Ltd. \u015eti.\",\"potentialAction\":[{\"@type\":\"SearchAction\",\"target\":{\"@type\":\"EntryPoint\",\"urlTemplate\":\"https:\/\/scmglobal.com.tr\/?s={search_term_string}\"},\"query-input\":\"required name=search_term_string\"}],\"inLanguage\":\"tr\"},{\"@type\":\"Organization\",\"@id\":\"https:\/\/scmglobal.com.tr\/#organization\",\"name\":\"SCM GLOBAL G\u00dcMR\u00dcK & LOJ\u0130ST\u0130K\",\"alternateName\":\"Scm Global G\u00fcmr\u00fck M\u00fc\u015favirli\u011fi ve Lojistik Hizmetleri Ltd. \u015eti.\",\"url\":\"https:\/\/scmglobal.com.tr\/\",\"logo\":{\"@type\":\"ImageObject\",\"inLanguage\":\"tr\",\"@id\":\"https:\/\/scmglobal.com.tr\/#\/schema\/logo\/image\/\",\"url\":\"https:\/\/scmglobal.com.tr\/wp-content\/uploads\/2023\/12\/scm-global-logo-1.png\",\"contentUrl\":\"https:\/\/scmglobal.com.tr\/wp-content\/uploads\/2023\/12\/scm-global-logo-1.png\",\"width\":2026,\"height\":578,\"caption\":\"SCM GLOBAL G\u00dcMR\u00dcK & LOJ\u0130ST\u0130K\"},\"image\":{\"@id\":\"https:\/\/scmglobal.com.tr\/#\/schema\/logo\/image\/\"}}]}<\/script>\n<!-- \/ Yoast SEO plugin. -->","yoast_head_json":{"title":"\u0130leti\u015fim | SCM GLOBAL G\u00dcMR\u00dcK &amp; LOJ\u0130ST\u0130K","description":"Scm Global G\u00fcmr\u00fck M\u00fc\u015favirli\u011fi ve Lojistik olarak m\u00fc\u015fterilerimize en iyi hizmeti verebilmek ad\u0131na 15 y\u0131ll\u0131k tecr\u00fcbemizi g\u00fcmr\u00fck hizmetleri ve lojistik alan\u0131nda yans\u0131tmaya karar verdik.","robots":{"index":"index","follow":"follow","max-snippet":"max-snippet:-1","max-image-preview":"max-image-preview:large","max-video-preview":"max-video-preview:-1"},"canonical":"https:\/\/scmglobal.com.tr\/?page_id=3512","og_locale":"tr_TR","og_type":"article","og_title":"\u0130leti\u015fim | SCM GLOBAL G\u00dcMR\u00dcK &amp; LOJ\u0130ST\u0130K","og_description":"Scm Global G\u00fcmr\u00fck M\u00fc\u015favirli\u011fi ve Lojistik olarak m\u00fc\u015fterilerimize en iyi hizmeti verebilmek ad\u0131na 15 y\u0131ll\u0131k tecr\u00fcbemizi g\u00fcmr\u00fck hizmetleri ve lojistik alan\u0131nda yans\u0131tmaya karar verdik.","og_url":"https:\/\/scmglobal.com.tr\/?page_id=3512","og_site_name":"SCM GLOBAL G\u00dcMR\u00dcK &amp; LOJ\u0130ST\u0130K","article_modified_time":"2023-12-14T08:00:00+00:00","og_image":[{"width":900,"height":429,"url":"https:\/\/scmglobal.com.tr\/wp-content\/uploads\/2023\/12\/5346536.png","type":"image\/png"}],"twitter_card":"summary_large_image","schema":{"@context":"https:\/\/schema.org","@graph":[{"@type":"WebPage","@id":"https:\/\/scmglobal.com.tr\/?page_id=3512","url":"https:\/\/scmglobal.com.tr\/?page_id=3512","name":"\u0130leti\u015fim | SCM GLOBAL G\u00dcMR\u00dcK &amp; LOJ\u0130ST\u0130K","isPartOf":{"@id":"https:\/\/scmglobal.com.tr\/#website"},"datePublished":"2020-02-07T02:19:39+00:00","dateModified":"2023-12-14T08:00:00+00:00","description":"Scm Global G\u00fcmr\u00fck M\u00fc\u015favirli\u011fi ve Lojistik olarak m\u00fc\u015fterilerimize en iyi hizmeti verebilmek ad\u0131na 15 y\u0131ll\u0131k tecr\u00fcbemizi g\u00fcmr\u00fck hizmetleri ve lojistik alan\u0131nda yans\u0131tmaya karar verdik.","breadcrumb":{"@id":"https:\/\/scmglobal.com.tr\/?page_id=3512#breadcrumb"},"inLanguage":"tr","potentialAction":[{"@type":"ReadAction","target":["https:\/\/scmglobal.com.tr\/?page_id=3512"]}]},{"@type":"BreadcrumbList","@id":"https:\/\/scmglobal.com.tr\/?page_id=3512#breadcrumb","itemListElement":[{"@type":"ListItem","position":1,"name":"Anasayfa","item":"https:\/\/scmglobal.com.tr\/"},{"@type":"ListItem","position":2,"name":"\u0130leti\u015fim"}]},{"@type":"WebSite","@id":"https:\/\/scmglobal.com.tr\/#website","url":"https:\/\/scmglobal.com.tr\/","name":"SCM GLOBAL G\u00dcMR\u00dcK & LOJ\u0130ST\u0130K","description":"Scm Global G\u00fcmr\u00fck M\u00fc\u015favirli\u011fi ve Lojistik Hizmetleri Ltd. \u015eti.","publisher":{"@id":"https:\/\/scmglobal.com.tr\/#organization"},"alternateName":"Scm Global G\u00fcmr\u00fck M\u00fc\u015favirli\u011fi ve Lojistik Hizmetleri Ltd. \u015eti.","potentialAction":[{"@type":"SearchAction","target":{"@type":"EntryPoint","urlTemplate":"https:\/\/scmglobal.com.tr\/?s={search_term_string}"},"query-input":"required name=search_term_string"}],"inLanguage":"tr"},{"@type":"Organization","@id":"https:\/\/scmglobal.com.tr\/#organization","name":"SCM GLOBAL G\u00dcMR\u00dcK & LOJ\u0130ST\u0130K","alternateName":"Scm Global G\u00fcmr\u00fck M\u00fc\u015favirli\u011fi ve Lojistik Hizmetleri Ltd. \u015eti.","url":"https:\/\/scmglobal.com.tr\/","logo":{"@type":"ImageObject","inLanguage":"tr","@id":"https:\/\/scmglobal.com.tr\/#\/schema\/logo\/image\/","url":"https:\/\/scmglobal.com.tr\/wp-content\/uploads\/2023\/12\/scm-global-logo-1.png","contentUrl":"https:\/\/scmglobal.com.tr\/wp-content\/uploads\/2023\/12\/scm-global-logo-1.png","width":2026,"height":578,"caption":"SCM GLOBAL G\u00dcMR\u00dcK & LOJ\u0130ST\u0130K"},"image":{"@id":"https:\/\/scmglobal.com.tr\/#\/schema\/logo\/image\/"}}]}},"_links":{"self":[{"href":"https:\/\/scmglobal.com.tr\/index.php?rest_route=\/wp\/v2\/pages\/3512","targetHints":{"allow":["GET"]}}],"collection":[{"href":"https:\/\/scmglobal.com.tr\/index.php?rest_route=\/wp\/v2\/pages"}],"about":[{"href":"https:\/\/scmglobal.com.tr\/index.php?rest_route=\/wp\/v2\/types\/page"}],"author":[{"embeddable":true,"href":"https:\/\/scmglobal.com.tr\/index.php?rest_route=\/wp\/v2\/users\/1"}],"replies":[{"embeddable":true,"href":"https:\/\/scmglobal.com.tr\/index.php?rest_route=%2Fwp%2Fv2%2Fcomments&post=3512"}],"version-history":[{"count":3,"href":"https:\/\/scmglobal.com.tr\/index.php?rest_route=\/wp\/v2\/pages\/3512\/revisions"}],"predecessor-version":[{"id":5608,"href":"https:\/\/scmglobal.com.tr\/index.php?rest_route=\/wp\/v2\/pages\/3512\/revisions\/5608"}],"wp:featuredmedia":[{"embeddable":true,"href":"https:\/\/scmglobal.com.tr\/index.php?rest_route=\/"}],"wp:attachment":[{"href":"https:\/\/scmglobal.com.tr\/index.php?rest_route=%2Fwp%2Fv2%2Fmedia&parent=3512"}],"curies":[{"name":"wp","href":"https:\/\/api.w.org\/{rel}","templated":true}]}}